{"id":2128,"date":"2022-12-09T09:12:48","date_gmt":"2022-12-09T09:12:48","guid":{"rendered":"https:\/\/indianlandorthodontics.broadstreet.us\/?page_id=2128"},"modified":"2025-01-08T14:40:53","modified_gmt":"2025-01-08T14:40:53","slug":"meet-dr-collins","status":"publish","type":"page","link":"https:\/\/indianlandorthodontics.com\/es\/meet-dr-collins\/","title":{"rendered":"MEET DR. KELLY A. COLLINS"},"content":{"rendered":"<div data-elementor-type=\"wp-page\" data-elementor-id=\"2128\" class=\"elementor elementor-2128\">\n\t\t\t\t\t\t<section class=\"elementor-section elementor-top-section elementor-element elementor-element-17e055a elementor-section-full_width elementor-section-height-default elementor-section-height-default\" data-id=\"17e055a\" data-element_type=\"section\" data-settings=\"{&quot;background_background&quot;:&quot;classic&quot;}\">\n\t\t\t\t\t\t<div class=\"elementor-container elementor-column-gap-default\">\n\t\t\t\t\t<div class=\"elementor-column elementor-col-33 elementor-top-column elementor-element elementor-element-2092ed2\" data-id=\"2092ed2\" data-element_type=\"column\">\n\t\t\t<div class=\"elementor-widget-wrap\">\n\t\t\t\t\t\t\t<\/div>\n\t\t<\/div>\n\t\t\t\t<div class=\"elementor-column elementor-col-33 elementor-top-column elementor-element elementor-element-734a7e8\" data-id=\"734a7e8\" data-element_type=\"column\" data-settings=\"{&quot;background_background&quot;:&quot;gradient&quot;}\">\n\t\t\t<div class=\"elementor-widget-wrap elementor-element-populated\">\n\t\t\t\t\t\t<div class=\"elementor-element elementor-element-f872af5 elementor-widget elementor-widget-heading\" data-id=\"f872af5\" data-element_type=\"widget\" data-widget_type=\"heading.default\">\n\t\t\t\t<div class=\"elementor-widget-container\">\n\t\t\t<h1 class=\"elementor-heading-title elementor-size-default\">Dra. Kelly Collins - Ortodoncista Indian Land SC<\/h1>\t\t<\/div>\n\t\t\t\t<\/div>\n\t\t\t\t\t<\/div>\n\t\t<\/div>\n\t\t\t\t<div class=\"elementor-column elementor-col-33 elementor-top-column elementor-element elementor-element-b10cd67\" data-id=\"b10cd67\" data-element_type=\"column\">\n\t\t\t<div class=\"elementor-widget-wrap\">\n\t\t\t\t\t\t\t<\/div>\n\t\t<\/div>\n\t\t\t\t\t<\/div>\n\t\t<\/section>\n\t\t\t\t<section class=\"elementor-section elementor-top-section elementor-element elementor-element-7b9f1bc elementor-section-boxed elementor-section-height-default elementor-section-height-default\" data-id=\"7b9f1bc\" data-element_type=\"section\">\n\t\t\t\t\t\t<div class=\"elementor-container elementor-column-gap-default\">\n\t\t\t\t\t<div class=\"elementor-column elementor-col-100 elementor-top-column elementor-element elementor-element-8a5037a\" data-id=\"8a5037a\" data-element_type=\"column\">\n\t\t\t<div class=\"elementor-widget-wrap elementor-element-populated\">\n\t\t\t\t\t\t<section class=\"elementor-section elementor-inner-section elementor-element elementor-element-a54e66a elementor-section-boxed elementor-section-height-default elementor-section-height-default\" data-id=\"a54e66a\" data-element_type=\"section\">\n\t\t\t\t\t\t<div class=\"elementor-container elementor-column-gap-default\">\n\t\t\t\t\t<div class=\"elementor-column elementor-col-50 elementor-inner-column elementor-element elementor-element-b5fd0d3\" data-id=\"b5fd0d3\" data-element_type=\"column\">\n\t\t\t<div class=\"elementor-widget-wrap elementor-element-populated\">\n\t\t\t\t\t\t<div class=\"elementor-element elementor-element-fa8e01d elementor-widget elementor-widget-image\" data-id=\"fa8e01d\" data-element_type=\"widget\" data-widget_type=\"image.default\">\n\t\t\t\t<div class=\"elementor-widget-container\">\n\t\t\t\t\t\t\t\t\t\t\t\t\t<img fetchpriority=\"high\" decoding=\"async\" width=\"500\" height=\"500\" src=\"https:\/\/indianlandorthodontics.com\/wp-content\/uploads\/2025\/01\/1.jpg\" class=\"attachment-full size-full wp-image-2433\" alt=\"\" srcset=\"https:\/\/indianlandorthodontics.com\/wp-content\/uploads\/2025\/01\/1.jpg 500w, https:\/\/indianlandorthodontics.com\/wp-content\/uploads\/2025\/01\/1-300x300.jpg 300w, https:\/\/indianlandorthodontics.com\/wp-content\/uploads\/2025\/01\/1-150x150.jpg 150w, https:\/\/indianlandorthodontics.com\/wp-content\/uploads\/2025\/01\/1-12x12.jpg 12w\" sizes=\"(max-width: 500px) 100vw, 500px\" \/>\t\t\t\t\t\t\t\t\t\t\t\t\t<\/div>\n\t\t\t\t<\/div>\n\t\t\t\t\t<\/div>\n\t\t<\/div>\n\t\t\t\t<div class=\"elementor-column elementor-col-50 elementor-inner-column elementor-element elementor-element-e4881b5\" data-id=\"e4881b5\" data-element_type=\"column\">\n\t\t\t<div class=\"elementor-widget-wrap elementor-element-populated\">\n\t\t\t\t\t\t<div class=\"elementor-element elementor-element-45a2eab elementor-widget elementor-widget-text-editor\" data-id=\"45a2eab\" data-element_type=\"widget\" data-widget_type=\"text-editor.default\">\n\t\t\t\t<div class=\"elementor-widget-container\">\n\t\t\t\t\t\t\t<p><span style=\"font-size: 25px; font-weight: 500;\">Encontrarse<\/span><br \/>DR. KELLY A. COLLINS<\/p>\t\t\t\t\t\t<\/div>\n\t\t\t\t<\/div>\n\t\t\t\t<div class=\"elementor-element elementor-element-b727ea2 about_text elementor-widget elementor-widget-text-editor\" data-id=\"b727ea2\" data-element_type=\"widget\" data-widget_type=\"text-editor.default\">\n\t\t\t\t<div class=\"elementor-widget-container\">\n\t\t\t\t\t\t\t<p>La Dra. Collins cree que ser ortodoncista es el mejor trabajo del mundo porque combina su amor por la ciencia, las artes y la ense\u00f1anza con su pasi\u00f3n por la atenci\u00f3n al paciente.<\/p><p>Recibi\u00f3 su Licenciatura en Ciencias de St. Mary&#039;s College, Notre Dame y luego ingres\u00f3 al programa de Maestr\u00eda en Educaci\u00f3n en la Universidad John Carroll en Cleveland, buscando combinar su inter\u00e9s en las ciencias con la ense\u00f1anza. Fue all\u00ed donde se dio cuenta de que la atenci\u00f3n al paciente era el elemento que faltaba que deseaba incluir en su carrera. Se gradu\u00f3 de la Escuela de Medicina Dental de Harvard y luego recibi\u00f3 su t\u00edtulo en ortodoncia de la Universidad Estatal de Ohio.<\/p><p>Al crecer en Ohio, el Dr. Collins generalmente se pod\u00eda encontrar en un campo de juego o en la cancha. Destac\u00f3 en f\u00fatbol y baloncesto, practicando ambos deportes en la escuela secundaria y la universidad. Fue seleccionada como All-American de f\u00fatbol de escuela secundaria y universitaria, fue invitada a probar para la Copa Mundial de F\u00fatbol Femenina de EE. UU. y fue elegida para el Sal\u00f3n de la Fama Atl\u00e9tica de St. Mary&#039;s College y Revere High School. Fue la primera atleta de Revere en ser seleccionada como All-American. La Dra. Collins cree que las habilidades que aprendi\u00f3 como atleta la ayudaron a lograr su objetivo de convertirse en ortodoncista y permanecer presente en su pr\u00e1ctica.\u00a0<\/p><p>La Dra. Collins disfruta pasar tiempo con su esposo y sus 3 hijos pescando camarones y cangrejos en los canales intercostales.<\/p>\t\t\t\t\t\t<\/div>\n\t\t\t\t<\/div>\n\t\t\t\t\t<\/div>\n\t\t<\/div>\n\t\t\t\t\t<\/div>\n\t\t<\/section>\n\t\t\t\t\t<\/div>\n\t\t<\/div>\n\t\t\t\t\t<\/div>\n\t\t<\/section>\n\t\t\t\t<section class=\"elementor-section elementor-top-section elementor-element elementor-element-f9d9708 elementor-section-full_width elementor-section-height-default elementor-section-height-default\" data-id=\"f9d9708\" data-element_type=\"section\" data-settings=\"{&quot;background_background&quot;:&quot;classic&quot;}\">\n\t\t\t\t\t\t<div class=\"elementor-container elementor-column-gap-default\">\n\t\t\t\t\t<div class=\"elementor-column elementor-col-100 elementor-top-column elementor-element elementor-element-265a09a\" data-id=\"265a09a\" data-element_type=\"column\">\n\t\t\t<div class=\"elementor-widget-wrap elementor-element-populated\">\n\t\t\t\t\t\t<section class=\"elementor-section elementor-inner-section elementor-element elementor-element-097729a elementor-section-boxed elementor-section-height-default elementor-section-height-default\" data-id=\"097729a\" data-element_type=\"section\">\n\t\t\t\t\t\t<div class=\"elementor-container elementor-column-gap-no\">\n\t\t\t\t\t<div class=\"elementor-column elementor-col-100 elementor-inner-column elementor-element elementor-element-1aee046\" data-id=\"1aee046\" data-element_type=\"column\">\n\t\t\t<div class=\"elementor-widget-wrap elementor-element-populated\">\n\t\t\t\t\t\t<div class=\"elementor-element elementor-element-8303eb2 elementor-widget elementor-widget-heading\" data-id=\"8303eb2\" data-element_type=\"widget\" data-widget_type=\"heading.default\">\n\t\t\t\t<div class=\"elementor-widget-container\">\n\t\t\t<h2 class=\"elementor-heading-title elementor-size-default\">Nuestros pacientes felices<\/h2>\t\t<\/div>\n\t\t\t\t<\/div>\n\t\t\t\t<div class=\"elementor-element elementor-element-1c3a850 elementor-widget elementor-widget-heading\" data-id=\"1c3a850\" data-element_type=\"widget\" data-widget_type=\"heading.default\">\n\t\t\t\t<div class=\"elementor-widget-container\">\n\t\t\t<h2 class=\"elementor-heading-title elementor-size-default\">Tu sonrisa es nuestra prioridad<\/h2>\t\t<\/div>\n\t\t\t\t<\/div>\n\t\t\t\t\t<\/div>\n\t\t<\/div>\n\t\t\t\t\t<\/div>\n\t\t<\/section>\n\t\t\t\t<section class=\"elementor-section elementor-inner-section elementor-element elementor-element-ea8b34e elementor-section-boxed elementor-section-height-default elementor-section-height-default\" data-id=\"ea8b34e\" data-element_type=\"section\">\n\t\t\t\t\t\t<div class=\"elementor-container elementor-column-gap-default\">\n\t\t\t\t\t<div class=\"elementor-column elementor-col-33 elementor-inner-column elementor-element elementor-element-4e4abf7\" data-id=\"4e4abf7\" data-element_type=\"column\" data-settings=\"{&quot;background_background&quot;:&quot;classic&quot;}\">\n\t\t\t<div class=\"elementor-widget-wrap elementor-element-populated\">\n\t\t\t\t\t\t<div class=\"elementor-element elementor-element-5a819d8 elementor-widget elementor-widget-image\" data-id=\"5a819d8\" data-element_type=\"widget\" data-widget_type=\"image.default\">\n\t\t\t\t<div class=\"elementor-widget-container\">\n\t\t\t\t\t\t\t\t\t\t\t\t\t<img decoding=\"async\" width=\"114\" height=\"22\" src=\"https:\/\/indianlandorthodontics.com\/wp-content\/uploads\/2022\/12\/5-star.png\" class=\"attachment-large size-large wp-image-2122\" alt=\"\" \/>\t\t\t\t\t\t\t\t\t\t\t\t\t<\/div>\n\t\t\t\t<\/div>\n\t\t\t\t<div class=\"elementor-element elementor-element-ce36d4d elementor-widget elementor-widget-heading\" data-id=\"ce36d4d\" data-element_type=\"widget\" data-widget_type=\"heading.default\">\n\t\t\t\t<div class=\"elementor-widget-container\">\n\t\t\t<h2 class=\"elementor-heading-title elementor-size-default\">oxidado r.<\/h2>\t\t<\/div>\n\t\t\t\t<\/div>\n\t\t\t\t<div class=\"elementor-element elementor-element-4e4c639 elementor-widget elementor-widget-heading\" data-id=\"4e4c639\" data-element_type=\"widget\" data-widget_type=\"heading.default\">\n\t\t\t\t<div class=\"elementor-widget-container\">\n\t\t\t<h2 class=\"elementor-heading-title elementor-size-default\">Son, sin duda, el mejor ortodoncista de la zona.\n<\/h2>\t\t<\/div>\n\t\t\t\t<\/div>\n\t\t\t\t\t<\/div>\n\t\t<\/div>\n\t\t\t\t<div class=\"elementor-column elementor-col-33 elementor-inner-column elementor-element elementor-element-623aa7c\" data-id=\"623aa7c\" data-element_type=\"column\" data-settings=\"{&quot;background_background&quot;:&quot;classic&quot;}\">\n\t\t\t<div class=\"elementor-widget-wrap elementor-element-populated\">\n\t\t\t\t\t\t<div class=\"elementor-element elementor-element-a73983a elementor-widget elementor-widget-image\" data-id=\"a73983a\" data-element_type=\"widget\" data-widget_type=\"image.default\">\n\t\t\t\t<div class=\"elementor-widget-container\">\n\t\t\t\t\t\t\t\t\t\t\t\t\t<img decoding=\"async\" width=\"114\" height=\"22\" src=\"https:\/\/indianlandorthodontics.com\/wp-content\/uploads\/2022\/12\/5-star.png\" class=\"attachment-large size-large wp-image-2122\" alt=\"\" \/>\t\t\t\t\t\t\t\t\t\t\t\t\t<\/div>\n\t\t\t\t<\/div>\n\t\t\t\t<div class=\"elementor-element elementor-element-464ac0d elementor-widget elementor-widget-heading\" data-id=\"464ac0d\" data-element_type=\"widget\" data-widget_type=\"heading.default\">\n\t\t\t\t<div class=\"elementor-widget-container\">\n\t\t\t<h2 class=\"elementor-heading-title elementor-size-default\">ashley g.<\/h2>\t\t<\/div>\n\t\t\t\t<\/div>\n\t\t\t\t<div class=\"elementor-element elementor-element-99c6217 elementor-widget elementor-widget-heading\" data-id=\"99c6217\" data-element_type=\"widget\" data-widget_type=\"heading.default\">\n\t\t\t\t<div class=\"elementor-widget-container\">\n\t\t\t<h2 class=\"elementor-heading-title elementor-size-default\">\u00a1Tuve una experiencia maravillosa haciendo Invisalign a trav\u00e9s de ortodoncias en tierras indias! El Dr. Kelly es muy minucioso y se asegur\u00f3 de que estuviera completamente satisfecho. Recomiendo encarecidamente esta pr\u00e1ctica para cualquier cuidado de ortodoncia.\n<\/h2>\t\t<\/div>\n\t\t\t\t<\/div>\n\t\t\t\t\t<\/div>\n\t\t<\/div>\n\t\t\t\t<div class=\"elementor-column elementor-col-33 elementor-inner-column elementor-element elementor-element-7d4edf4\" data-id=\"7d4edf4\" data-element_type=\"column\" data-settings=\"{&quot;background_background&quot;:&quot;classic&quot;}\">\n\t\t\t<div class=\"elementor-widget-wrap elementor-element-populated\">\n\t\t\t\t\t\t<div class=\"elementor-element elementor-element-9ffb75b elementor-widget elementor-widget-image\" data-id=\"9ffb75b\" data-element_type=\"widget\" data-widget_type=\"image.default\">\n\t\t\t\t<div class=\"elementor-widget-container\">\n\t\t\t\t\t\t\t\t\t\t\t\t\t<img decoding=\"async\" width=\"114\" height=\"22\" src=\"https:\/\/indianlandorthodontics.com\/wp-content\/uploads\/2022\/12\/5-star.png\" class=\"attachment-large size-large wp-image-2122\" alt=\"\" \/>\t\t\t\t\t\t\t\t\t\t\t\t\t<\/div>\n\t\t\t\t<\/div>\n\t\t\t\t<div class=\"elementor-element elementor-element-39d28bb elementor-widget elementor-widget-heading\" data-id=\"39d28bb\" data-element_type=\"widget\" data-widget_type=\"heading.default\">\n\t\t\t\t<div class=\"elementor-widget-container\">\n\t\t\t<h2 class=\"elementor-heading-title elementor-size-default\">Briana U.<\/h2>\t\t<\/div>\n\t\t\t\t<\/div>\n\t\t\t\t<div class=\"elementor-element elementor-element-25951ec elementor-widget elementor-widget-heading\" data-id=\"25951ec\" data-element_type=\"widget\" data-widget_type=\"heading.default\">\n\t\t\t\t<div class=\"elementor-widget-container\">\n\t\t\t<h2 class=\"elementor-heading-title elementor-size-default\">\u00a1Excelente pr\u00e1ctica! \u00a1Gente excepcional que cuida mucho a sus pacientes! \u00a1Gracias por cuidar tan bien de nuestra familia!<\/h2>\t\t<\/div>\n\t\t\t\t<\/div>\n\t\t\t\t\t<\/div>\n\t\t<\/div>\n\t\t\t\t\t<\/div>\n\t\t<\/section>\n\t\t\t\t\t<\/div>\n\t\t<\/div>\n\t\t\t\t\t<\/div>\n\t\t<\/section>\n\t\t\t\t<\/div>","protected":false},"excerpt":{"rendered":"<p>Dr. Kelly Collins &#8211; Orthodontist Indian Land SC MeetDR. KELLY A. COLLINS Dr. Collins believes being an orthodontist is the greatest job in the world because it combines her love of science, the arts and teaching with her passion for patient care. She received her Bachelor of Science Degree from St. Mary&#8217;s College, Notre Dame [&hellip;]<\/p>","protected":false},"author":16,"featured_media":236,"parent":0,"menu_order":0,"comment_status":"closed","ping_status":"closed","template":"","meta":{"inline_featured_image":false,"footnotes":""},"class_list":["post-2128","page","type-page","status-publish","has-post-thumbnail","hentry"],"yoast_head":"<!-- This site is optimized with the Yoast SEO plugin v23.4 - https:\/\/yoast.com\/wordpress\/plugins\/seo\/ -->\n<title>Dr. Kelly A. Collins - Indian Land Orthodontics<\/title>\n<meta name=\"description\" content=\"Dr. Kelly A. Collins Collins believes being an orthodontist is the greatest job in the world because it combines her love of science, arts\" \/>\n<meta name=\"robots\" content=\"index, follow, max-snippet:-1, max-image-preview:large, max-video-preview:-1\" \/>\n<link rel=\"canonical\" href=\"https:\/\/indianlandorthodontics.com\/es\/meet-dr-collins\/\" \/>\n<meta property=\"og:locale\" content=\"es_MX\" \/>\n<meta property=\"og:type\" content=\"article\" \/>\n<meta property=\"og:title\" content=\"Dr. Kelly A. Collins - Indian Land Orthodontics\" \/>\n<meta property=\"og:description\" content=\"Dr. Kelly A. Collins Collins believes being an orthodontist is the greatest job in the world because it combines her love of science, arts\" \/>\n<meta property=\"og:url\" content=\"https:\/\/indianlandorthodontics.com\/es\/meet-dr-collins\/\" \/>\n<meta property=\"og:site_name\" content=\"Indian Land Orthodontics\" \/>\n<meta property=\"article:modified_time\" content=\"2025-01-08T14:40:53+00:00\" \/>\n<meta property=\"og:image\" content=\"https:\/\/indianlandorthodontics.com\/wp-content\/uploads\/2022\/10\/about2.png\" \/>\n\t<meta property=\"og:image:width\" content=\"292\" \/>\n\t<meta property=\"og:image:height\" content=\"438\" \/>\n\t<meta property=\"og:image:type\" content=\"image\/png\" \/>\n<meta name=\"twitter:card\" content=\"summary_large_image\" \/>\n<meta name=\"twitter:label1\" content=\"Tiempo de lectura\" \/>\n\t<meta name=\"twitter:data1\" content=\"3 minutos\" \/>\n<script type=\"application\/ld+json\" class=\"yoast-schema-graph\">{\"@context\":\"https:\/\/schema.org\",\"@graph\":[{\"@type\":\"WebPage\",\"@id\":\"https:\/\/indianlandorthodontics.com\/es\/meet-dr-collins\/\",\"url\":\"https:\/\/indianlandorthodontics.com\/es\/meet-dr-collins\/\",\"name\":\"Dr. Kelly A. Collins - Indian Land Orthodontics\",\"isPartOf\":{\"@id\":\"https:\/\/indianlandorthodontics.com\/#website\"},\"primaryImageOfPage\":{\"@id\":\"https:\/\/indianlandorthodontics.com\/es\/meet-dr-collins\/#primaryimage\"},\"image\":{\"@id\":\"https:\/\/indianlandorthodontics.com\/es\/meet-dr-collins\/#primaryimage\"},\"thumbnailUrl\":\"https:\/\/indianlandorthodontics.com\/wp-content\/uploads\/2022\/10\/about2.png\",\"datePublished\":\"2022-12-09T09:12:48+00:00\",\"dateModified\":\"2025-01-08T14:40:53+00:00\",\"description\":\"Dr. Kelly A. Collins Collins believes being an orthodontist is the greatest job in the world because it combines her love of science, arts\",\"breadcrumb\":{\"@id\":\"https:\/\/indianlandorthodontics.com\/es\/meet-dr-collins\/#breadcrumb\"},\"inLanguage\":\"es\",\"potentialAction\":[{\"@type\":\"ReadAction\",\"target\":[\"https:\/\/indianlandorthodontics.com\/es\/meet-dr-collins\/\"]}]},{\"@type\":\"ImageObject\",\"inLanguage\":\"es\",\"@id\":\"https:\/\/indianlandorthodontics.com\/es\/meet-dr-collins\/#primaryimage\",\"url\":\"https:\/\/indianlandorthodontics.com\/wp-content\/uploads\/2022\/10\/about2.png\",\"contentUrl\":\"https:\/\/indianlandorthodontics.com\/wp-content\/uploads\/2022\/10\/about2.png\",\"width\":292,\"height\":438,\"caption\":\"Dr. Kelly A. Collins\"},{\"@type\":\"BreadcrumbList\",\"@id\":\"https:\/\/indianlandorthodontics.com\/es\/meet-dr-collins\/#breadcrumb\",\"itemListElement\":[{\"@type\":\"ListItem\",\"position\":1,\"name\":\"Home\",\"item\":\"http:\/\/indianlandorthodontics.com\/\"},{\"@type\":\"ListItem\",\"position\":2,\"name\":\"MEET DR. KELLY A. COLLINS\"}]},{\"@type\":\"WebSite\",\"@id\":\"https:\/\/indianlandorthodontics.com\/#website\",\"url\":\"https:\/\/indianlandorthodontics.com\/\",\"name\":\"Indian Land Orthodontics\",\"description\":\"\",\"publisher\":{\"@id\":\"https:\/\/indianlandorthodontics.com\/#organization\"},\"potentialAction\":[{\"@type\":\"SearchAction\",\"target\":{\"@type\":\"EntryPoint\",\"urlTemplate\":\"https:\/\/indianlandorthodontics.com\/?s={search_term_string}\"},\"query-input\":{\"@type\":\"PropertyValueSpecification\",\"valueRequired\":true,\"valueName\":\"search_term_string\"}}],\"inLanguage\":\"es\"},{\"@type\":\"Organization\",\"@id\":\"https:\/\/indianlandorthodontics.com\/#organization\",\"name\":\"Indianland Orthodontics\",\"url\":\"https:\/\/indianlandorthodontics.com\/\",\"logo\":{\"@type\":\"ImageObject\",\"inLanguage\":\"es\",\"@id\":\"https:\/\/indianlandorthodontics.com\/#\/schema\/logo\/image\/\",\"url\":\"https:\/\/indianlandorthodontics.com\/wp-content\/uploads\/2022\/10\/logo-1.png\",\"contentUrl\":\"https:\/\/indianlandorthodontics.com\/wp-content\/uploads\/2022\/10\/logo-1.png\",\"width\":215,\"height\":77,\"caption\":\"Indianland Orthodontics\"},\"image\":{\"@id\":\"https:\/\/indianlandorthodontics.com\/#\/schema\/logo\/image\/\"}}]}<\/script>\n<!-- \/ Yoast SEO plugin. -->","yoast_head_json":{"title":"Dr. Kelly A. Collins - Indian Land Orthodontics","description":"Dr. Kelly A. Collins Collins believes being an orthodontist is the greatest job in the world because it combines her love of science, arts","robots":{"index":"index","follow":"follow","max-snippet":"max-snippet:-1","max-image-preview":"max-image-preview:large","max-video-preview":"max-video-preview:-1"},"canonical":"https:\/\/indianlandorthodontics.com\/es\/meet-dr-collins\/","og_locale":"es_MX","og_type":"article","og_title":"Dr. Kelly A. Collins - Indian Land Orthodontics","og_description":"Dr. Kelly A. Collins Collins believes being an orthodontist is the greatest job in the world because it combines her love of science, arts","og_url":"https:\/\/indianlandorthodontics.com\/es\/meet-dr-collins\/","og_site_name":"Indian Land Orthodontics","article_modified_time":"2025-01-08T14:40:53+00:00","og_image":[{"width":292,"height":438,"url":"https:\/\/indianlandorthodontics.com\/wp-content\/uploads\/2022\/10\/about2.png","type":"image\/png"}],"twitter_card":"summary_large_image","twitter_misc":{"Tiempo de lectura":"3 minutos"},"schema":{"@context":"https:\/\/schema.org","@graph":[{"@type":"WebPage","@id":"https:\/\/indianlandorthodontics.com\/es\/meet-dr-collins\/","url":"https:\/\/indianlandorthodontics.com\/es\/meet-dr-collins\/","name":"Dr. Kelly A. Collins - Indian Land Orthodontics","isPartOf":{"@id":"https:\/\/indianlandorthodontics.com\/#website"},"primaryImageOfPage":{"@id":"https:\/\/indianlandorthodontics.com\/es\/meet-dr-collins\/#primaryimage"},"image":{"@id":"https:\/\/indianlandorthodontics.com\/es\/meet-dr-collins\/#primaryimage"},"thumbnailUrl":"https:\/\/indianlandorthodontics.com\/wp-content\/uploads\/2022\/10\/about2.png","datePublished":"2022-12-09T09:12:48+00:00","dateModified":"2025-01-08T14:40:53+00:00","description":"Dr. Kelly A. Collins Collins believes being an orthodontist is the greatest job in the world because it combines her love of science, arts","breadcrumb":{"@id":"https:\/\/indianlandorthodontics.com\/es\/meet-dr-collins\/#breadcrumb"},"inLanguage":"es","potentialAction":[{"@type":"ReadAction","target":["https:\/\/indianlandorthodontics.com\/es\/meet-dr-collins\/"]}]},{"@type":"ImageObject","inLanguage":"es","@id":"https:\/\/indianlandorthodontics.com\/es\/meet-dr-collins\/#primaryimage","url":"https:\/\/indianlandorthodontics.com\/wp-content\/uploads\/2022\/10\/about2.png","contentUrl":"https:\/\/indianlandorthodontics.com\/wp-content\/uploads\/2022\/10\/about2.png","width":292,"height":438,"caption":"Dr. Kelly A. Collins"},{"@type":"BreadcrumbList","@id":"https:\/\/indianlandorthodontics.com\/es\/meet-dr-collins\/#breadcrumb","itemListElement":[{"@type":"ListItem","position":1,"name":"Home","item":"http:\/\/indianlandorthodontics.com\/"},{"@type":"ListItem","position":2,"name":"MEET DR. KELLY A. COLLINS"}]},{"@type":"WebSite","@id":"https:\/\/indianlandorthodontics.com\/#website","url":"https:\/\/indianlandorthodontics.com\/","name":"Ortodoncia terrestre india","description":"","publisher":{"@id":"https:\/\/indianlandorthodontics.com\/#organization"},"potentialAction":[{"@type":"SearchAction","target":{"@type":"EntryPoint","urlTemplate":"https:\/\/indianlandorthodontics.com\/?s={search_term_string}"},"query-input":{"@type":"PropertyValueSpecification","valueRequired":true,"valueName":"search_term_string"}}],"inLanguage":"es"},{"@type":"Organization","@id":"https:\/\/indianlandorthodontics.com\/#organization","name":"Indianland Orthodontics","url":"https:\/\/indianlandorthodontics.com\/","logo":{"@type":"ImageObject","inLanguage":"es","@id":"https:\/\/indianlandorthodontics.com\/#\/schema\/logo\/image\/","url":"https:\/\/indianlandorthodontics.com\/wp-content\/uploads\/2022\/10\/logo-1.png","contentUrl":"https:\/\/indianlandorthodontics.com\/wp-content\/uploads\/2022\/10\/logo-1.png","width":215,"height":77,"caption":"Indianland Orthodontics"},"image":{"@id":"https:\/\/indianlandorthodontics.com\/#\/schema\/logo\/image\/"}}]}},"_links":{"self":[{"href":"https:\/\/indianlandorthodontics.com\/es\/wp-json\/wp\/v2\/pages\/2128","targetHints":{"allow":["GET"]}}],"collection":[{"href":"https:\/\/indianlandorthodontics.com\/es\/wp-json\/wp\/v2\/pages"}],"about":[{"href":"https:\/\/indianlandorthodontics.com\/es\/wp-json\/wp\/v2\/types\/page"}],"author":[{"embeddable":true,"href":"https:\/\/indianlandorthodontics.com\/es\/wp-json\/wp\/v2\/users\/16"}],"replies":[{"embeddable":true,"href":"https:\/\/indianlandorthodontics.com\/es\/wp-json\/wp\/v2\/comments?post=2128"}],"version-history":[{"count":3,"href":"https:\/\/indianlandorthodontics.com\/es\/wp-json\/wp\/v2\/pages\/2128\/revisions"}],"predecessor-version":[{"id":2444,"href":"https:\/\/indianlandorthodontics.com\/es\/wp-json\/wp\/v2\/pages\/2128\/revisions\/2444"}],"wp:featuredmedia":[{"embeddable":true,"href":"https:\/\/indianlandorthodontics.com\/es\/wp-json\/wp\/v2\/media\/236"}],"wp:attachment":[{"href":"https:\/\/indianlandorthodontics.com\/es\/wp-json\/wp\/v2\/media?parent=2128"}],"curies":[{"name":"wp","href":"https:\/\/api.w.org\/{rel}","templated":true}]}}